{"id":1398,"date":"2023-07-04T22:21:15","date_gmt":"2023-07-04T19:21:15","guid":{"rendered":"https:\/\/www.ardakoltuk.com\/?page_id=1398"},"modified":"2023-08-01T22:40:54","modified_gmt":"2023-08-01T19:40:54","slug":"yenileme","status":"publish","type":"page","link":"https:\/\/www.ardakoltuk.com\/?page_id=1398","title":{"rendered":"Yenileme"},"content":{"rendered":"\t\t<div data-elementor-type=\"wp-page\" data-elementor-id=\"1398\" class=\"elementor elementor-1398\">\n\t\t\t\t\t\t<div class=\"elementor-inner\">\n\t\t\t\t<div class=\"elementor-section-wrap\">\n\t\t\t\t\t\t\t\t\t<section class=\"elementor-section elementor-top-section elementor-element elementor-element-209817b6 elementor-section-boxed elementor-section-height-default elementor-section-height-default\" data-id=\"209817b6\" data-element_type=\"section\" data-settings=\"{&quot;background_background&quot;:&quot;classic&quot;}\">\n\t\t\t\t\t\t\t<div class=\"elementor-background-overlay\"><\/div>\n\t\t\t\t\t\t\t<div class=\"elementor-container elementor-column-gap-default\">\n\t\t\t\t\t\t\t<div class=\"elementor-row\">\n\t\t\t\t\t<div class=\"elementor-column elementor-col-100 elementor-top-column elementor-element elementor-element-3a6aabd7\" data-id=\"3a6aabd7\" data-element_type=\"column\">\n\t\t\t<div class=\"elementor-column-wrap elementor-element-populated\">\n\t\t\t\t\t\t\t<div class=\"elementor-widget-wrap\">\n\t\t\t\t\t\t<div class=\"elementor-element elementor-element-2fa907fc elementor-widget elementor-widget-heading\" data-id=\"2fa907fc\" data-element_type=\"widget\" data-widget_type=\"heading.default\">\n\t\t\t\t<div class=\"elementor-widget-container\">\n\t\t\t<h1 class=\"elementor-heading-title elementor-size-default\">Yenileme<\/h1>\t\t<\/div>\n\t\t\t\t<\/div>\n\t\t\t\t\t\t<\/div>\n\t\t\t\t\t<\/div>\n\t\t<\/div>\n\t\t\t\t\t\t\t\t<\/div>\n\t\t\t\t\t<\/div>\n\t\t<\/section>\n\t\t<div class=\"elementor-element elementor-element-586bc7f e-flex e-con-boxed e-con\" data-id=\"586bc7f\" data-element_type=\"container\" data-settings=\"{&quot;content_width&quot;:&quot;boxed&quot;}\">\n\t\t\t\t\t<div class=\"e-con-inner\">\n\t\t\t\t<div class=\"elementor-element elementor-element-e2ee3c3 elementor-widget elementor-widget-spacer\" data-id=\"e2ee3c3\" data-element_type=\"widget\" data-widget_type=\"spacer.default\">\n\t\t\t\t<div class=\"elementor-widget-container\">\n\t\t\t\t\t<div class=\"elementor-spacer\">\n\t\t\t<div class=\"elementor-spacer-inner\"><\/div>\n\t\t<\/div>\n\t\t\t\t<\/div>\n\t\t\t\t<\/div>\n\t\t\t\t\t<\/div>\n\t\t\t\t<\/div>\n\t\t<div class=\"elementor-element elementor-element-c5c197a e-flex e-con-boxed e-con\" data-id=\"c5c197a\" data-element_type=\"container\" data-settings=\"{&quot;content_width&quot;:&quot;boxed&quot;}\">\n\t\t\t\t\t<div class=\"e-con-inner\">\n\t\t\t\t<div class=\"elementor-element elementor-element-98630c6 elementor-widget elementor-widget-text-editor\" data-id=\"98630c6\" data-element_type=\"widget\" data-widget_type=\"text-editor.default\">\n\t\t\t\t<div class=\"elementor-widget-container\">\n\t\t\t\t\t\t\t\t<div class=\"elementor-text-editor elementor-clearfix\">\n\t\t\t\t<p><span style=\"color: #c4a56d;\"><strong>Arda Koltuk<\/strong><\/span> Fark\u0131yla Eski Koltuklara Yeni Bir Soluk Getiriyoruz.<\/p>\t\t\t\t\t<\/div>\n\t\t\t\t\t\t<\/div>\n\t\t\t\t<\/div>\n\t\t\t\t\t<\/div>\n\t\t\t\t<\/div>\n\t\t<div class=\"elementor-element elementor-element-34065f8 e-flex e-con-boxed e-con\" data-id=\"34065f8\" data-element_type=\"container\" data-settings=\"{&quot;content_width&quot;:&quot;boxed&quot;}\">\n\t\t\t\t\t<div class=\"e-con-inner\">\n\t\t<div class=\"elementor-element elementor-element-f49cec5 e-con-full e-flex e-con\" data-id=\"f49cec5\" data-element_type=\"container\" data-settings=\"{&quot;content_width&quot;:&quot;full&quot;}\">\n\t\t\t\t<div class=\"elementor-element elementor-element-5965451 elementor-widget elementor-widget-image\" data-id=\"5965451\" data-element_type=\"widget\" data-widget_type=\"image.default\">\n\t\t\t\t<div class=\"elementor-widget-container\">\n\t\t\t\t\t\t\t\t<div class=\"elementor-image\">\n\t\t\t\t\t\t\t\t\t\t\t\t<img loading=\"lazy\" decoding=\"async\" width=\"2422\" height=\"1929\" src=\"https:\/\/www.ardakoltuk.com\/wp-content\/uploads\/2023\/06\/fashion-2li-koltuk-56575156.jpg\" class=\"attachment-full size-full wp-image-1343\" alt=\"\" srcset=\"https:\/\/www.ardakoltuk.com\/wp-content\/uploads\/2023\/06\/fashion-2li-koltuk-56575156.jpg 2422w, https:\/\/www.ardakoltuk.com\/wp-content\/uploads\/2023\/06\/fashion-2li-koltuk-56575156-300x239.jpg 300w, https:\/\/www.ardakoltuk.com\/wp-content\/uploads\/2023\/06\/fashion-2li-koltuk-56575156-1024x816.jpg 1024w, https:\/\/www.ardakoltuk.com\/wp-content\/uploads\/2023\/06\/fashion-2li-koltuk-56575156-768x612.jpg 768w, https:\/\/www.ardakoltuk.com\/wp-content\/uploads\/2023\/06\/fashion-2li-koltuk-56575156-1536x1223.jpg 1536w, https:\/\/www.ardakoltuk.com\/wp-content\/uploads\/2023\/06\/fashion-2li-koltuk-56575156-2048x1631.jpg 2048w\" sizes=\"auto, (max-width: 2422px) 100vw, 2422px\" \/>\t\t\t\t\t\t\t\t\t\t\t\t\t\t<\/div>\n\t\t\t\t\t\t<\/div>\n\t\t\t\t<\/div>\n\t\t\t\t<div class=\"elementor-element elementor-element-c28112f elementor-widget elementor-widget-text-editor\" data-id=\"c28112f\" data-element_type=\"widget\" data-widget_type=\"text-editor.default\">\n\t\t\t\t<div class=\"elementor-widget-container\">\n\t\t\t\t\t\t\t\t<div class=\"elementor-text-editor elementor-clearfix\">\n\t\t\t\t<p>Arda Koltuk Firmas\u0131 olarak koltuk yenileme hizmetimizde m\u00fc\u015fteri memnuniyetini \u00f6n planda tutuyoruz. Koltuklar\u0131n\u0131z\u0131 yenilerken \u00f6zenle \u00e7al\u0131\u015f\u0131yor ve uzman ekibimizle en kaliteli hizmeti sunuyoruz.<\/p><p>\u0130lk ad\u0131m\u0131m\u0131z, koltuklar\u0131n\u0131z\u0131n detayl\u0131 bir de\u011ferlendirmesini yapmakt\u0131r. Koltuklar\u0131n genel durumu, kuma\u015f kalitesi ve yap\u0131s\u0131n\u0131 inceleriz. Bu sayede yenileme s\u00fcrecini belirleriz ve size uygun \u00e7\u00f6z\u00fcmler sunar\u0131z.<br \/>Sonras\u0131nda, koltuklar\u0131n\u0131z\u0131n tamir ve restorasyon i\u015flemlerine ba\u015flar\u0131z. Hasarl\u0131 veya y\u0131pranm\u0131\u015f par\u00e7alar\u0131 onar\u0131r, gev\u015fek ba\u011flant\u0131lar\u0131 d\u00fczeltir ve koltuk iskeletini g\u00fc\u00e7lendiririz. B\u00f6ylece koltuklar\u0131n\u0131z\u0131n dayan\u0131kl\u0131l\u0131\u011f\u0131n\u0131 art\u0131r\u0131r\u0131z.<\/p>\t\t\t\t\t<\/div>\n\t\t\t\t\t\t<\/div>\n\t\t\t\t<\/div>\n\t\t\t\t<div class=\"elementor-element elementor-element-fd4c85a elementor-widget elementor-widget-image\" data-id=\"fd4c85a\" data-element_type=\"widget\" data-widget_type=\"image.default\">\n\t\t\t\t<div class=\"elementor-widget-container\">\n\t\t\t\t\t\t\t\t<div class=\"elementor-image\">\n\t\t\t\t\t\t\t\t\t\t\t\t<img loading=\"lazy\" decoding=\"async\" width=\"626\" height=\"417\" src=\"https:\/\/www.ardakoltuk.com\/wp-content\/uploads\/2023\/07\/detail-from-upholstery-workshop_52137-14565.jpg\" class=\"attachment-full size-full wp-image-1601\" alt=\"\" srcset=\"https:\/\/www.ardakoltuk.com\/wp-content\/uploads\/2023\/07\/detail-from-upholstery-workshop_52137-14565.jpg 626w, https:\/\/www.ardakoltuk.com\/wp-content\/uploads\/2023\/07\/detail-from-upholstery-workshop_52137-14565-300x200.jpg 300w\" sizes=\"auto, (max-width: 626px) 100vw, 626px\" \/>\t\t\t\t\t\t\t\t\t\t\t\t\t\t<\/div>\n\t\t\t\t\t\t<\/div>\n\t\t\t\t<\/div>\n\t\t\t\t<div class=\"elementor-element elementor-element-6651e96 elementor-widget elementor-widget-text-editor\" data-id=\"6651e96\" data-element_type=\"widget\" data-widget_type=\"text-editor.default\">\n\t\t\t\t<div class=\"elementor-widget-container\">\n\t\t\t\t\t\t\t\t<div class=\"elementor-text-editor elementor-clearfix\">\n\t\t\t\t<p>Kuma\u015f se\u00e7imi a\u015famas\u0131nda sizin zevk ve tercihlerinizi g\u00f6z \u00f6n\u00fcnde bulundururuz. Geni\u015f bir kuma\u015f koleksiyonuna sahibiz ve zevkinize uygun renk, desen ve dokuya sahip kuma\u015flar\u0131 se\u00e7menize yard\u0131mc\u0131 oluruz. Yenilenmi\u015f koltuklar\u0131n\u0131z, tarz\u0131n\u0131za ve ev dekorasyonunuza m\u00fckemmel bir uyum sa\u011flar.<\/p><p>Son olarak, koltuklar\u0131n\u0131z\u0131n d\u00f6\u015femesini profesyonelce yapar\u0131z. Y\u00fcksek kaliteli malzemeler ve ustal\u0131kla \u00e7al\u0131\u015farak koltuklar\u0131n\u0131z\u0131 yeniden \u015fekillendiririz. Yumu\u015fak dolgu malzemeleri kullanarak konforu art\u0131r\u0131r\u0131z ve estetik detaylara dikkat ederiz.<\/p>\t\t\t\t\t<\/div>\n\t\t\t\t\t\t<\/div>\n\t\t\t\t<\/div>\n\t\t\t\t<\/div>\n\t\t<div class=\"elementor-element elementor-element-e75be84 e-con-full elementor-hidden-mobile e-flex e-con\" data-id=\"e75be84\" data-element_type=\"container\" data-settings=\"{&quot;content_width&quot;:&quot;full&quot;,&quot;sticky&quot;:&quot;top&quot;,&quot;sticky_on&quot;:[&quot;desktop&quot;,&quot;tablet&quot;,&quot;mobile&quot;],&quot;sticky_offset&quot;:0,&quot;sticky_effects_offset&quot;:0}\">\n\t\t\t\t<div class=\"elementor-element elementor-element-af5673f elementor-headline--style-highlight elementor-widget elementor-widget-animated-headline\" data-id=\"af5673f\" data-element_type=\"widget\" data-settings=\"{&quot;marker&quot;:&quot;underline&quot;,&quot;highlighted_text&quot;:&quot;\\u0130leti\\u015fime &quot;,&quot;headline_style&quot;:&quot;highlight&quot;,&quot;loop&quot;:&quot;yes&quot;,&quot;highlight_animation_duration&quot;:1200,&quot;highlight_iteration_delay&quot;:8000}\" data-widget_type=\"animated-headline.default\">\n\t\t\t\t<div class=\"elementor-widget-container\">\n\t\t\t\t\t<h3 class=\"elementor-headline\">\n\t\t\t\t\t<span class=\"elementor-headline-plain-text elementor-headline-text-wrapper\">Talepleriniz \u0130\u00e7in Bizimle<\/span>\n\t\t\t\t<span class=\"elementor-headline-dynamic-wrapper elementor-headline-text-wrapper\">\n\t\t\t\t\t<span class=\"elementor-headline-dynamic-text elementor-headline-text-active\">\u0130leti\u015fime <\/span>\n\t\t\t\t<\/span>\n\t\t\t\t\t<span class=\"elementor-headline-plain-text elementor-headline-text-wrapper\">Ge\u00e7in<\/span>\n\t\t\t\t\t<\/h3>\n\t\t\t\t<\/div>\n\t\t\t\t<\/div>\n\t\t\t\t<div class=\"elementor-element elementor-element-5880401 elementor-widget elementor-widget-ucaddon_gradient_button\" data-id=\"5880401\" data-element_type=\"widget\" data-widget_type=\"ucaddon_gradient_button.default\">\n\t\t\t\t<div class=\"elementor-widget-container\">\n\t\t\t<!-- start Gradient Button -->\n\t\t\t<style type=\"text\/css\">\/* widget: Gradient Button *\/\n\n#uc_gradient_button_elementor_5880401 a {\n  display:inline-block;\n  text-align: center;\n  transition: 0.5s;\n  background-size: 200% auto;\n  box-shadow: 0 5px 20px rgba(0,0,0,0.15);\n   background-image: linear-gradient(to right, #69593B 0%, #C4A56D 51%, #69593B 100%);\n  text-decoration:none\n }\n\n\n#uc_gradient_button_elementor_5880401 a:hover {\n  background-position: right center; \n}\n\n<\/style>\n\n\t\t\t<div style=\"text-align:center;\" id=\"uc_gradient_button_elementor_5880401\">\n  <a href=\"https:\/\/www.ardakoltuk.com\/?page_id=19\"  class=\"gradient_button\">\u0130leti\u015fime Ge\u00e7<\/a>\n<\/div>\n\t\t\t<!-- end Gradient Button -->\t\t<\/div>\n\t\t\t\t<\/div>\n\t\t\t\t<\/div>\n\t\t\t\t\t<\/div>\n\t\t\t\t<\/div>\n\t\t<div class=\"elementor-element elementor-element-7c97ef0 e-flex e-con-boxed e-con\" data-id=\"7c97ef0\" data-element_type=\"container\" data-settings=\"{&quot;content_width&quot;:&quot;boxed&quot;}\">\n\t\t\t\t\t<div class=\"e-con-inner\">\n\t\t\t\t<div class=\"elementor-element elementor-element-8f5490c elementor-widget elementor-widget-spacer\" data-id=\"8f5490c\" data-element_type=\"widget\" data-widget_type=\"spacer.default\">\n\t\t\t\t<div class=\"elementor-widget-container\">\n\t\t\t\t\t<div class=\"elementor-spacer\">\n\t\t\t<div class=\"elementor-spacer-inner\"><\/div>\n\t\t<\/div>\n\t\t\t\t<\/div>\n\t\t\t\t<\/div>\n\t\t\t\t\t<\/div>\n\t\t\t\t<\/div>\n\t\t\t\t\t\t\t\t\t<\/div>\n\t\t\t<\/div>\n\t\t\t\t\t<\/div>\n\t\t","protected":false},"excerpt":{"rendered":"<p>Yenileme Arda Koltuk Fark\u0131yla Eski Koltuklara Yeni Bir Soluk Getiriyoruz. Arda Koltuk Firmas\u0131 olarak koltuk yenileme hizmetimizde m\u00fc\u015fteri memnuniyetini \u00f6n planda tutuyoruz. Koltuklar\u0131n\u0131z\u0131 yenilerken \u00f6zenle \u00e7al\u0131\u015f\u0131yor ve uzman ekibimizle en kaliteli hizmeti sunuyoruz. \u0130lk ad\u0131m\u0131m\u0131z, koltuklar\u0131n\u0131z\u0131n detayl\u0131 bir de\u011ferlendirmesini yapmakt\u0131r. Koltuklar\u0131n genel durumu, kuma\u015f kalitesi ve yap\u0131s\u0131n\u0131 inceleriz. Bu sayede yenileme s\u00fcrecini belirleriz ve size [&hellip;]<\/p>\n","protected":false},"author":1,"featured_media":0,"parent":0,"menu_order":0,"comment_status":"closed","ping_status":"closed","template":"","meta":{"site-sidebar-layout":"no-sidebar","site-content-layout":"page-builder","ast-site-content-layout":"default","site-content-style":"default","site-sidebar-style":"default","ast-global-header-display":"","ast-banner-title-visibility":"","ast-main-header-display":"","ast-hfb-above-header-display":"","ast-hfb-below-header-display":"","ast-hfb-mobile-header-display":"","site-post-title":"disabled","ast-breadcrumbs-content":"","ast-featured-img":"disabled","footer-sml-layout":"","theme-transparent-header-meta":"","adv-header-id-meta":"","stick-header-meta":"","header-above-stick-meta":"","header-main-stick-meta":"","header-below-stick-meta":"","astra-migrate-meta-layouts":"default","ast-page-background-enabled":"default","ast-page-background-meta":{"desktop":{"background-color":"var(--ast-global-color-4)","background-image":"","background-repeat":"repeat","background-position":"center center","background-size":"auto","background-attachment":"scroll","background-type":"","background-media":"","overlay-type":"","overlay-color":"","overlay-opacity":"","overlay-gradient":""},"tablet":{"background-color":"","background-image":"","background-repeat":"repeat","background-position":"center center","background-size":"auto","background-attachment":"scroll","background-type":"","background-media":"","overlay-type":"","overlay-color":"","overlay-opacity":"","overlay-gradient":""},"mobile":{"background-color":"","background-image":"","background-repeat":"repeat","background-position":"center center","background-size":"auto","background-attachment":"scroll","background-type":"","background-media":"","overlay-type":"","overlay-color":"","overlay-opacity":"","overlay-gradient":""}},"ast-content-background-meta":{"desktop":{"background-color":"var(--ast-global-color-5)","background-image":"","background-repeat":"repeat","background-position":"center center","background-size":"auto","background-attachment":"scroll","background-type":"","background-media":"","overlay-type":"","overlay-color":"","overlay-opacity":"","overlay-gradient":""},"tablet":{"background-color":"var(--ast-global-color-5)","background-image":"","background-repeat":"repeat","background-position":"center center","background-size":"auto","background-attachment":"scroll","background-type":"","background-media":"","overlay-type":"","overlay-color":"","overlay-opacity":"","overlay-gradient":""},"mobile":{"background-color":"var(--ast-global-color-5)","background-image":"","background-repeat":"repeat","background-position":"center center","background-size":"auto","background-attachment":"scroll","background-type":"","background-media":"","overlay-type":"","overlay-color":"","overlay-opacity":"","overlay-gradient":""}},"footnotes":""},"class_list":["post-1398","page","type-page","status-publish","hentry"],"_links":{"self":[{"href":"https:\/\/www.ardakoltuk.com\/index.php?rest_route=\/wp\/v2\/pages\/1398","targetHints":{"allow":["GET"]}}],"collection":[{"href":"https:\/\/www.ardakoltuk.com\/index.php?rest_route=\/wp\/v2\/pages"}],"about":[{"href":"https:\/\/www.ardakoltuk.com\/index.php?rest_route=\/wp\/v2\/types\/page"}],"author":[{"embeddable":true,"href":"https:\/\/www.ardakoltuk.com\/index.php?rest_route=\/wp\/v2\/users\/1"}],"replies":[{"embeddable":true,"href":"https:\/\/www.ardakoltuk.com\/index.php?rest_route=%2Fwp%2Fv2%2Fcomments&post=1398"}],"version-history":[{"count":25,"href":"https:\/\/www.ardakoltuk.com\/index.php?rest_route=\/wp\/v2\/pages\/1398\/revisions"}],"predecessor-version":[{"id":1714,"href":"https:\/\/www.ardakoltuk.com\/index.php?rest_route=\/wp\/v2\/pages\/1398\/revisions\/1714"}],"wp:attachment":[{"href":"https:\/\/www.ardakoltuk.com\/index.php?rest_route=%2Fwp%2Fv2%2Fmedia&parent=1398"}],"curies":[{"name":"wp","href":"https:\/\/api.w.org\/{rel}","templated":true}]}}