{"id":1395,"date":"2023-07-04T22:20:39","date_gmt":"2023-07-04T19:20:39","guid":{"rendered":"https:\/\/www.ardakoltuk.com\/?page_id=1395"},"modified":"2023-08-01T22:40:05","modified_gmt":"2023-08-01T19:40:05","slug":"ozel-tasarim","status":"publish","type":"page","link":"https:\/\/www.ardakoltuk.com\/?page_id=1395","title":{"rendered":"\u00d6zel Tasar\u0131m"},"content":{"rendered":"\t\t<div data-elementor-type=\"wp-page\" data-elementor-id=\"1395\" class=\"elementor elementor-1395\">\n\t\t\t\t\t\t<div class=\"elementor-inner\">\n\t\t\t\t<div class=\"elementor-section-wrap\">\n\t\t\t\t\t\t\t\t\t<section class=\"elementor-section elementor-top-section elementor-element elementor-element-27cde9d6 elementor-section-boxed elementor-section-height-default elementor-section-height-default\" data-id=\"27cde9d6\" data-element_type=\"section\" data-settings=\"{&quot;background_background&quot;:&quot;classic&quot;}\">\n\t\t\t\t\t\t\t<div class=\"elementor-background-overlay\"><\/div>\n\t\t\t\t\t\t\t<div class=\"elementor-container elementor-column-gap-default\">\n\t\t\t\t\t\t\t<div class=\"elementor-row\">\n\t\t\t\t\t<div class=\"elementor-column elementor-col-100 elementor-top-column elementor-element elementor-element-5dabce7a\" data-id=\"5dabce7a\" data-element_type=\"column\">\n\t\t\t<div class=\"elementor-column-wrap elementor-element-populated\">\n\t\t\t\t\t\t\t<div class=\"elementor-widget-wrap\">\n\t\t\t\t\t\t<div class=\"elementor-element elementor-element-1d0daf7e elementor-widget elementor-widget-heading\" data-id=\"1d0daf7e\" data-element_type=\"widget\" data-widget_type=\"heading.default\">\n\t\t\t\t<div class=\"elementor-widget-container\">\n\t\t\t<h1 class=\"elementor-heading-title elementor-size-default\">\u00d6zel Tasar\u0131m<\/h1>\t\t<\/div>\n\t\t\t\t<\/div>\n\t\t\t\t\t\t<\/div>\n\t\t\t\t\t<\/div>\n\t\t<\/div>\n\t\t\t\t\t\t\t\t<\/div>\n\t\t\t\t\t<\/div>\n\t\t<\/section>\n\t\t<div class=\"elementor-element elementor-element-5e5602e e-flex e-con-boxed e-con\" data-id=\"5e5602e\" data-element_type=\"container\" data-settings=\"{&quot;content_width&quot;:&quot;boxed&quot;}\">\n\t\t\t\t\t<div class=\"e-con-inner\">\n\t\t\t\t<div class=\"elementor-element elementor-element-c20c8ce elementor-widget elementor-widget-spacer\" data-id=\"c20c8ce\" data-element_type=\"widget\" data-widget_type=\"spacer.default\">\n\t\t\t\t<div class=\"elementor-widget-container\">\n\t\t\t\t\t<div class=\"elementor-spacer\">\n\t\t\t<div class=\"elementor-spacer-inner\"><\/div>\n\t\t<\/div>\n\t\t\t\t<\/div>\n\t\t\t\t<\/div>\n\t\t\t\t\t<\/div>\n\t\t\t\t<\/div>\n\t\t<div class=\"elementor-element elementor-element-67ece25 e-flex e-con-boxed e-con\" data-id=\"67ece25\" data-element_type=\"container\" data-settings=\"{&quot;content_width&quot;:&quot;boxed&quot;}\">\n\t\t\t\t\t<div class=\"e-con-inner\">\n\t\t\t\t<div class=\"elementor-element elementor-element-e9c5e09 elementor-widget elementor-widget-text-editor\" data-id=\"e9c5e09\" data-element_type=\"widget\" data-widget_type=\"text-editor.default\">\n\t\t\t\t<div class=\"elementor-widget-container\">\n\t\t\t\t\t\t\t\t<div class=\"elementor-text-editor elementor-clearfix\">\n\t\t\t\t<p><strong><span style=\"color: #c4a56d;\">Arda Koltuk<\/span><\/strong> Fark\u0131yla Tarz\u0131n\u0131z\u0131 Yans\u0131tan Koltuklar Tasarl\u0131yoruz<\/p>\t\t\t\t\t<\/div>\n\t\t\t\t\t\t<\/div>\n\t\t\t\t<\/div>\n\t\t\t\t\t<\/div>\n\t\t\t\t<\/div>\n\t\t<div class=\"elementor-element elementor-element-5ede4f7d e-flex e-con-boxed e-con\" data-id=\"5ede4f7d\" data-element_type=\"container\" data-settings=\"{&quot;content_width&quot;:&quot;boxed&quot;}\">\n\t\t\t\t\t<div class=\"e-con-inner\">\n\t\t<div class=\"elementor-element elementor-element-7eec1ee8 e-con-full e-flex e-con\" data-id=\"7eec1ee8\" data-element_type=\"container\" data-settings=\"{&quot;content_width&quot;:&quot;full&quot;}\">\n\t\t\t\t<div class=\"elementor-element elementor-element-6dec4639 elementor-widget elementor-widget-image\" data-id=\"6dec4639\" data-element_type=\"widget\" data-widget_type=\"image.default\">\n\t\t\t\t<div class=\"elementor-widget-container\">\n\t\t\t\t\t\t\t\t<div class=\"elementor-image\">\n\t\t\t\t\t\t\t\t\t\t\t\t<img loading=\"lazy\" decoding=\"async\" width=\"1280\" height=\"960\" src=\"https:\/\/www.ardakoltuk.com\/wp-content\/uploads\/2023\/06\/https-mondihome-mncdn-com-mnresize-1280-720-img-image-tr-244veya2c04000007-6.webp\" class=\"attachment-full size-full wp-image-1335\" alt=\"\" srcset=\"https:\/\/www.ardakoltuk.com\/wp-content\/uploads\/2023\/06\/https-mondihome-mncdn-com-mnresize-1280-720-img-image-tr-244veya2c04000007-6.webp 1280w, https:\/\/www.ardakoltuk.com\/wp-content\/uploads\/2023\/06\/https-mondihome-mncdn-com-mnresize-1280-720-img-image-tr-244veya2c04000007-6-300x225.webp 300w, https:\/\/www.ardakoltuk.com\/wp-content\/uploads\/2023\/06\/https-mondihome-mncdn-com-mnresize-1280-720-img-image-tr-244veya2c04000007-6-1024x768.webp 1024w, https:\/\/www.ardakoltuk.com\/wp-content\/uploads\/2023\/06\/https-mondihome-mncdn-com-mnresize-1280-720-img-image-tr-244veya2c04000007-6-768x576.webp 768w\" sizes=\"auto, (max-width: 1280px) 100vw, 1280px\" \/>\t\t\t\t\t\t\t\t\t\t\t\t\t\t<\/div>\n\t\t\t\t\t\t<\/div>\n\t\t\t\t<\/div>\n\t\t\t\t<div class=\"elementor-element elementor-element-484b01b elementor-widget elementor-widget-text-editor\" data-id=\"484b01b\" data-element_type=\"widget\" data-widget_type=\"text-editor.default\">\n\t\t\t\t<div class=\"elementor-widget-container\">\n\t\t\t\t\t\t\t\t<div class=\"elementor-text-editor elementor-clearfix\">\n\t\t\t\t<p>Arda Koltuk Firmas\u0131 olarak koltuk tasar\u0131m hizmetimizde \u00f6zg\u00fcnl\u00fck, kalite ve m\u00fc\u015fteri memnuniyeti odak noktam\u0131zd\u0131r. Koltuklar\u0131n\u0131z\u0131 hayal g\u00fcc\u00fcn\u00fczle \u015fekillendirmek i\u00e7in sizinle i\u015f birli\u011fi yapar\u0131z ve isteklerinizi dikkate alarak size \u00f6zel tasar\u0131mlar sunar\u0131z.<\/p><p>Tasar\u0131m s\u00fcrecimiz, \u00f6ncelikle m\u00fc\u015fterilerimizin beklentilerini anlamakla ba\u015flar. Stil, fonksiyonellik ve estetik tercihlerinizi kapsaml\u0131 bir \u015fekilde de\u011ferlendiririz. \u0130htiya\u00e7lar\u0131n\u0131z\u0131 anlad\u0131ktan sonra, deneyimli tasar\u0131m ekibimiz size en uygun \u00e7\u00f6z\u00fcmleri sunmak i\u00e7in harekete ge\u00e7er.<\/p>\t\t\t\t\t<\/div>\n\t\t\t\t\t\t<\/div>\n\t\t\t\t<\/div>\n\t\t\t\t<div class=\"elementor-element elementor-element-76545b5c elementor-widget elementor-widget-image\" data-id=\"76545b5c\" data-element_type=\"widget\" data-widget_type=\"image.default\">\n\t\t\t\t<div class=\"elementor-widget-container\">\n\t\t\t\t\t\t\t\t<div class=\"elementor-image\">\n\t\t\t\t\t\t\t\t\t\t\t\t<img loading=\"lazy\" decoding=\"async\" width=\"2560\" height=\"1707\" src=\"https:\/\/www.ardakoltuk.com\/wp-content\/uploads\/2023\/07\/3d-rendering-mock-up-wood-decor-living-room-with-leather-sofa-scaled.jpg\" class=\"attachment-full size-full wp-image-1616\" alt=\"\" srcset=\"https:\/\/www.ardakoltuk.com\/wp-content\/uploads\/2023\/07\/3d-rendering-mock-up-wood-decor-living-room-with-leather-sofa-scaled.jpg 2560w, https:\/\/www.ardakoltuk.com\/wp-content\/uploads\/2023\/07\/3d-rendering-mock-up-wood-decor-living-room-with-leather-sofa-300x200.jpg 300w, https:\/\/www.ardakoltuk.com\/wp-content\/uploads\/2023\/07\/3d-rendering-mock-up-wood-decor-living-room-with-leather-sofa-1024x683.jpg 1024w, https:\/\/www.ardakoltuk.com\/wp-content\/uploads\/2023\/07\/3d-rendering-mock-up-wood-decor-living-room-with-leather-sofa-768x512.jpg 768w, https:\/\/www.ardakoltuk.com\/wp-content\/uploads\/2023\/07\/3d-rendering-mock-up-wood-decor-living-room-with-leather-sofa-1536x1024.jpg 1536w, https:\/\/www.ardakoltuk.com\/wp-content\/uploads\/2023\/07\/3d-rendering-mock-up-wood-decor-living-room-with-leather-sofa-2048x1365.jpg 2048w\" sizes=\"auto, (max-width: 2560px) 100vw, 2560px\" \/>\t\t\t\t\t\t\t\t\t\t\t\t\t\t<\/div>\n\t\t\t\t\t\t<\/div>\n\t\t\t\t<\/div>\n\t\t\t\t<div class=\"elementor-element elementor-element-3eb28aa2 elementor-widget elementor-widget-text-editor\" data-id=\"3eb28aa2\" data-element_type=\"widget\" data-widget_type=\"text-editor.default\">\n\t\t\t\t<div class=\"elementor-widget-container\">\n\t\t\t\t\t\t\t\t<div class=\"elementor-text-editor elementor-clearfix\">\n\t\t\t\t<p>Tasar\u0131m a\u015famas\u0131nda, yenilik\u00e7i ve yarat\u0131c\u0131 fikirlerimizle koltuklar\u0131n\u0131z\u0131n karakterini ortaya \u00e7\u0131kar\u0131r\u0131z. Renkler, desenler, malzemeler ve detaylarla oynayarak size benzersiz ve \u00f6zg\u00fcn tasar\u0131mlar sunar\u0131z. Modern veya klasik tarzda, minimal veya dikkat \u00e7ekici tasar\u0131mlarla iste\u011finize uygun koltuklar yarat\u0131r\u0131z.<\/p><p>Uygulama a\u015famas\u0131nda, kaliteli malzemeler ve ustal\u0131kla \u00e7al\u0131\u015f\u0131r\u0131z. Koltuk iskeleti, dolgu malzemeleri ve kuma\u015f se\u00e7iminde dikkatli bir \u015fekilde ilerleriz. Yarat\u0131c\u0131l\u0131\u011f\u0131m\u0131z\u0131 ve teknik becerilerimizi kullanarak koltuklar\u0131n\u0131z\u0131 estetik bir \u015fekilde \u015fekillendiririz.<\/p>\t\t\t\t\t<\/div>\n\t\t\t\t\t\t<\/div>\n\t\t\t\t<\/div>\n\t\t\t\t<\/div>\n\t\t<div class=\"elementor-element elementor-element-5442f257 e-con-full elementor-hidden-mobile e-flex e-con\" data-id=\"5442f257\" data-element_type=\"container\" data-settings=\"{&quot;content_width&quot;:&quot;full&quot;,&quot;sticky&quot;:&quot;top&quot;,&quot;sticky_on&quot;:[&quot;desktop&quot;,&quot;tablet&quot;,&quot;mobile&quot;],&quot;sticky_offset&quot;:0,&quot;sticky_effects_offset&quot;:0}\">\n\t\t\t\t<div class=\"elementor-element elementor-element-4380d83a elementor-headline--style-highlight elementor-widget elementor-widget-animated-headline\" data-id=\"4380d83a\" data-element_type=\"widget\" data-settings=\"{&quot;marker&quot;:&quot;underline&quot;,&quot;highlighted_text&quot;:&quot;\\u0130leti\\u015fime &quot;,&quot;headline_style&quot;:&quot;highlight&quot;,&quot;loop&quot;:&quot;yes&quot;,&quot;highlight_animation_duration&quot;:1200,&quot;highlight_iteration_delay&quot;:8000}\" data-widget_type=\"animated-headline.default\">\n\t\t\t\t<div class=\"elementor-widget-container\">\n\t\t\t\t\t<h3 class=\"elementor-headline\">\n\t\t\t\t\t<span class=\"elementor-headline-plain-text elementor-headline-text-wrapper\">Talepleriniz \u0130\u00e7in Bizimle<\/span>\n\t\t\t\t<span class=\"elementor-headline-dynamic-wrapper elementor-headline-text-wrapper\">\n\t\t\t\t\t<span class=\"elementor-headline-dynamic-text elementor-headline-text-active\">\u0130leti\u015fime <\/span>\n\t\t\t\t<\/span>\n\t\t\t\t\t<span class=\"elementor-headline-plain-text elementor-headline-text-wrapper\">Ge\u00e7in<\/span>\n\t\t\t\t\t<\/h3>\n\t\t\t\t<\/div>\n\t\t\t\t<\/div>\n\t\t\t\t<div class=\"elementor-element elementor-element-29cccd50 elementor-widget elementor-widget-ucaddon_gradient_button\" data-id=\"29cccd50\" data-element_type=\"widget\" data-widget_type=\"ucaddon_gradient_button.default\">\n\t\t\t\t<div class=\"elementor-widget-container\">\n\t\t\t<!-- start Gradient Button -->\n\t\t\t<style type=\"text\/css\">\/* widget: Gradient Button *\/\n\n#uc_gradient_button_elementor_29cccd50 a {\n  display:inline-block;\n  text-align: center;\n  transition: 0.5s;\n  background-size: 200% auto;\n  box-shadow: 0 5px 20px rgba(0,0,0,0.15);\n   background-image: linear-gradient(to right, #69593B 0%, #C4A56D 51%, #69593B 100%);\n  text-decoration:none\n }\n\n\n#uc_gradient_button_elementor_29cccd50 a:hover {\n  background-position: right center; \n}\n\n<\/style>\n\n\t\t\t<div style=\"text-align:center;\" id=\"uc_gradient_button_elementor_29cccd50\">\n  <a href=\"https:\/\/www.ardakoltuk.com\/?page_id=19\"  class=\"gradient_button\">\u0130leti\u015fime Ge\u00e7<\/a>\n<\/div>\n\t\t\t<!-- end Gradient Button -->\t\t<\/div>\n\t\t\t\t<\/div>\n\t\t\t\t<\/div>\n\t\t\t\t\t<\/div>\n\t\t\t\t<\/div>\n\t\t\t\t\t\t\t\t\t<\/div>\n\t\t\t<\/div>\n\t\t\t\t\t<\/div>\n\t\t","protected":false},"excerpt":{"rendered":"<p>\u00d6zel Tasar\u0131m Arda Koltuk Fark\u0131yla Tarz\u0131n\u0131z\u0131 Yans\u0131tan Koltuklar Tasarl\u0131yoruz Arda Koltuk Firmas\u0131 olarak koltuk tasar\u0131m hizmetimizde \u00f6zg\u00fcnl\u00fck, kalite ve m\u00fc\u015fteri memnuniyeti odak noktam\u0131zd\u0131r. Koltuklar\u0131n\u0131z\u0131 hayal g\u00fcc\u00fcn\u00fczle \u015fekillendirmek i\u00e7in sizinle i\u015f birli\u011fi yapar\u0131z ve isteklerinizi dikkate alarak size \u00f6zel tasar\u0131mlar sunar\u0131z. Tasar\u0131m s\u00fcrecimiz, \u00f6ncelikle m\u00fc\u015fterilerimizin beklentilerini anlamakla ba\u015flar. Stil, fonksiyonellik ve estetik tercihlerinizi kapsaml\u0131 bir \u015fekilde [&hellip;]<\/p>\n","protected":false},"author":1,"featured_media":0,"parent":0,"menu_order":0,"comment_status":"closed","ping_status":"closed","template":"","meta":{"site-sidebar-layout":"no-sidebar","site-content-layout":"page-builder","ast-site-content-layout":"default","site-content-style":"default","site-sidebar-style":"default","ast-global-header-display":"","ast-banner-title-visibility":"","ast-main-header-display":"","ast-hfb-above-header-display":"","ast-hfb-below-header-display":"","ast-hfb-mobile-header-display":"","site-post-title":"disabled","ast-breadcrumbs-content":"","ast-featured-img":"disabled","footer-sml-layout":"","theme-transparent-header-meta":"","adv-header-id-meta":"","stick-header-meta":"","header-above-stick-meta":"","header-main-stick-meta":"","header-below-stick-meta":"","astra-migrate-meta-layouts":"default","ast-page-background-enabled":"default","ast-page-background-meta":{"desktop":{"background-color":"var(--ast-global-color-4)","background-image":"","background-repeat":"repeat","background-position":"center center","background-size":"auto","background-attachment":"scroll","background-type":"","background-media":"","overlay-type":"","overlay-color":"","overlay-opacity":"","overlay-gradient":""},"tablet":{"background-color":"","background-image":"","background-repeat":"repeat","background-position":"center center","background-size":"auto","background-attachment":"scroll","background-type":"","background-media":"","overlay-type":"","overlay-color":"","overlay-opacity":"","overlay-gradient":""},"mobile":{"background-color":"","background-image":"","background-repeat":"repeat","background-position":"center center","background-size":"auto","background-attachment":"scroll","background-type":"","background-media":"","overlay-type":"","overlay-color":"","overlay-opacity":"","overlay-gradient":""}},"ast-content-background-meta":{"desktop":{"background-color":"var(--ast-global-color-5)","background-image":"","background-repeat":"repeat","background-position":"center center","background-size":"auto","background-attachment":"scroll","background-type":"","background-media":"","overlay-type":"","overlay-color":"","overlay-opacity":"","overlay-gradient":""},"tablet":{"background-color":"var(--ast-global-color-5)","background-image":"","background-repeat":"repeat","background-position":"center center","background-size":"auto","background-attachment":"scroll","background-type":"","background-media":"","overlay-type":"","overlay-color":"","overlay-opacity":"","overlay-gradient":""},"mobile":{"background-color":"var(--ast-global-color-5)","background-image":"","background-repeat":"repeat","background-position":"center center","background-size":"auto","background-attachment":"scroll","background-type":"","background-media":"","overlay-type":"","overlay-color":"","overlay-opacity":"","overlay-gradient":""}},"footnotes":""},"class_list":["post-1395","page","type-page","status-publish","hentry"],"_links":{"self":[{"href":"https:\/\/www.ardakoltuk.com\/index.php?rest_route=\/wp\/v2\/pages\/1395","targetHints":{"allow":["GET"]}}],"collection":[{"href":"https:\/\/www.ardakoltuk.com\/index.php?rest_route=\/wp\/v2\/pages"}],"about":[{"href":"https:\/\/www.ardakoltuk.com\/index.php?rest_route=\/wp\/v2\/types\/page"}],"author":[{"embeddable":true,"href":"https:\/\/www.ardakoltuk.com\/index.php?rest_route=\/wp\/v2\/users\/1"}],"replies":[{"embeddable":true,"href":"https:\/\/www.ardakoltuk.com\/index.php?rest_route=%2Fwp%2Fv2%2Fcomments&post=1395"}],"version-history":[{"count":19,"href":"https:\/\/www.ardakoltuk.com\/index.php?rest_route=\/wp\/v2\/pages\/1395\/revisions"}],"predecessor-version":[{"id":1711,"href":"https:\/\/www.ardakoltuk.com\/index.php?rest_route=\/wp\/v2\/pages\/1395\/revisions\/1711"}],"wp:attachment":[{"href":"https:\/\/www.ardakoltuk.com\/index.php?rest_route=%2Fwp%2Fv2%2Fmedia&parent=1395"}],"curies":[{"name":"wp","href":"https:\/\/api.w.org\/{rel}","templated":true}]}}