{"id":1319,"date":"2021-11-21T15:14:19","date_gmt":"2021-11-21T12:14:19","guid":{"rendered":"https:\/\/www.ardakoltuk.com\/?page_id=1319"},"modified":"2023-08-01T22:41:30","modified_gmt":"2023-08-01T19:41:30","slug":"about","status":"publish","type":"page","link":"https:\/\/www.ardakoltuk.com\/?page_id=1319","title":{"rendered":"About"},"content":{"rendered":"\t\t<div data-elementor-type=\"wp-page\" data-elementor-id=\"1319\" class=\"elementor elementor-1319\">\n\t\t\t\t\t\t<div class=\"elementor-inner\">\n\t\t\t\t<div class=\"elementor-section-wrap\">\n\t\t\t\t\t\t\t\t\t<section class=\"elementor-section elementor-top-section elementor-element elementor-element-533a8c28 elementor-section-boxed elementor-section-height-default elementor-section-height-default\" data-id=\"533a8c28\" data-element_type=\"section\" data-settings=\"{&quot;background_background&quot;:&quot;classic&quot;}\">\n\t\t\t\t\t\t\t<div class=\"elementor-background-overlay\"><\/div>\n\t\t\t\t\t\t\t<div class=\"elementor-container elementor-column-gap-default\">\n\t\t\t\t\t\t\t<div class=\"elementor-row\">\n\t\t\t\t\t<div class=\"elementor-column elementor-col-100 elementor-top-column elementor-element elementor-element-58844aef\" data-id=\"58844aef\" data-element_type=\"column\">\n\t\t\t<div class=\"elementor-column-wrap elementor-element-populated\">\n\t\t\t\t\t\t\t<div class=\"elementor-widget-wrap\">\n\t\t\t\t\t\t<div class=\"elementor-element elementor-element-30c62d42 elementor-widget elementor-widget-heading\" data-id=\"30c62d42\" data-element_type=\"widget\" data-widget_type=\"heading.default\">\n\t\t\t\t<div class=\"elementor-widget-container\">\n\t\t\t<h1 class=\"elementor-heading-title elementor-size-default\">Hakk\u0131m\u0131zda<\/h1>\t\t<\/div>\n\t\t\t\t<\/div>\n\t\t\t\t\t\t<\/div>\n\t\t\t\t\t<\/div>\n\t\t<\/div>\n\t\t\t\t\t\t\t\t<\/div>\n\t\t\t\t\t<\/div>\n\t\t<\/section>\n\t\t\t\t<section class=\"elementor-section elementor-top-section elementor-element elementor-element-j63r0so elementor-section-content-middle elementor-section-boxed elementor-section-height-default elementor-section-height-default\" data-id=\"j63r0so\" data-element_type=\"section\" data-settings=\"{&quot;background_background&quot;:&quot;classic&quot;}\">\n\t\t\t\t\t\t<div class=\"elementor-container elementor-column-gap-no\">\n\t\t\t\t\t\t\t<div class=\"elementor-row\">\n\t\t\t\t\t<div class=\"elementor-column elementor-col-50 elementor-top-column elementor-element elementor-element-258231d\" data-id=\"258231d\" data-element_type=\"column\">\n\t\t\t<div class=\"elementor-column-wrap elementor-element-populated\">\n\t\t\t\t\t\t\t<div class=\"elementor-widget-wrap\">\n\t\t\t\t\t\t<div class=\"elementor-element elementor-element-ebc1e08 elementor-view-stacked elementor-shape-circle elementor-widget elementor-widget-icon\" data-id=\"ebc1e08\" data-element_type=\"widget\" data-widget_type=\"icon.default\">\n\t\t\t\t<div class=\"elementor-widget-container\">\n\t\t\t\t\t<div class=\"elementor-icon-wrapper\">\n\t\t\t<div class=\"elementor-icon\">\n\t\t\t\t\t\t\t<i class=\"fa fa-star\" aria-hidden=\"true\"><\/i>\n\t\t\t\t\t\t<\/div>\n\t\t<\/div>\n\t\t\t\t<\/div>\n\t\t\t\t<\/div>\n\t\t\t\t<div class=\"elementor-element elementor-element-4f6265e elementor-widget elementor-widget-text-editor\" data-id=\"4f6265e\" data-element_type=\"widget\" data-widget_type=\"text-editor.default\">\n\t\t\t\t<div class=\"elementor-widget-container\">\n\t\t\t\t\t\t\t\t<div class=\"elementor-text-editor elementor-clearfix\">\n\t\t\t\t<p>Koltuk tasar\u0131m\u0131 ve koltuk yenileme konusunda uzmanla\u015fm\u0131\u015f bir \u015firketiz. \u0130\u00e7 mekanlara estetik, konfor ve i\u015flevselli\u011fi bir araya getiren koltuklar sunarak, m\u00fc\u015fterilerimize e\u015fsiz deneyimler ya\u015fatmay\u0131 hedefliyoruz.<\/p><p>M\u00fc\u015fteri memnuniyeti bizim \u00f6nceli\u011fimizdir. M\u00fc\u015fterilerimizin isteklerini ve beklentilerini anlamak i\u00e7in \u00f6zenle dinler ve onlar\u0131n stil, zevk ve b\u00fct\u00e7elerine uygun \u00e7\u00f6z\u00fcmler sunar\u0131z.<\/p>\t\t\t\t\t<\/div>\n\t\t\t\t\t\t<\/div>\n\t\t\t\t<\/div>\n\t\t\t\t\t\t<\/div>\n\t\t\t\t\t<\/div>\n\t\t<\/div>\n\t\t\t\t<div class=\"elementor-column elementor-col-50 elementor-top-column elementor-element elementor-element-ca44c59\" data-id=\"ca44c59\" data-element_type=\"column\" data-settings=\"{&quot;background_background&quot;:&quot;classic&quot;}\">\n\t\t\t<div class=\"elementor-column-wrap elementor-element-populated\">\n\t\t\t\t\t\t\t<div class=\"elementor-widget-wrap\">\n\t\t\t\t\t\t<div class=\"elementor-element elementor-element-7e01216 elementor-widget elementor-widget-image\" data-id=\"7e01216\" data-element_type=\"widget\" data-widget_type=\"image.default\">\n\t\t\t\t<div class=\"elementor-widget-container\">\n\t\t\t\t\t\t\t\t<div class=\"elementor-image\">\n\t\t\t\t\t\t\t\t\t\t\t\t<img loading=\"lazy\" decoding=\"async\" width=\"2560\" height=\"1706\" src=\"https:\/\/www.ardakoltuk.com\/wp-content\/uploads\/2023\/06\/scandinavian-living-room-interior-design-zoom-background-min-scaled.jpg\" class=\"attachment-full size-full wp-image-45\" alt=\"\" srcset=\"https:\/\/www.ardakoltuk.com\/wp-content\/uploads\/2023\/06\/scandinavian-living-room-interior-design-zoom-background-min-scaled.jpg 2560w, https:\/\/www.ardakoltuk.com\/wp-content\/uploads\/2023\/06\/scandinavian-living-room-interior-design-zoom-background-min-300x200.jpg 300w, https:\/\/www.ardakoltuk.com\/wp-content\/uploads\/2023\/06\/scandinavian-living-room-interior-design-zoom-background-min-1024x683.jpg 1024w, https:\/\/www.ardakoltuk.com\/wp-content\/uploads\/2023\/06\/scandinavian-living-room-interior-design-zoom-background-min-768x512.jpg 768w, https:\/\/www.ardakoltuk.com\/wp-content\/uploads\/2023\/06\/scandinavian-living-room-interior-design-zoom-background-min-1536x1024.jpg 1536w, https:\/\/www.ardakoltuk.com\/wp-content\/uploads\/2023\/06\/scandinavian-living-room-interior-design-zoom-background-min-2048x1365.jpg 2048w\" sizes=\"auto, (max-width: 2560px) 100vw, 2560px\" \/>\t\t\t\t\t\t\t\t\t\t\t\t\t\t<\/div>\n\t\t\t\t\t\t<\/div>\n\t\t\t\t<\/div>\n\t\t\t\t\t\t<\/div>\n\t\t\t\t\t<\/div>\n\t\t<\/div>\n\t\t\t\t\t\t\t\t<\/div>\n\t\t\t\t\t<\/div>\n\t\t<\/section>\n\t\t\t\t<section class=\"elementor-section elementor-top-section elementor-element elementor-element-034f786 elementor-section-boxed elementor-section-height-default elementor-section-height-default\" data-id=\"034f786\" data-element_type=\"section\">\n\t\t\t\t\t\t<div class=\"elementor-container elementor-column-gap-default\">\n\t\t\t\t\t\t\t<div class=\"elementor-row\">\n\t\t\t\t\t<div class=\"elementor-column elementor-col-100 elementor-top-column elementor-element elementor-element-ba0c118\" data-id=\"ba0c118\" data-element_type=\"column\">\n\t\t\t<div class=\"elementor-column-wrap elementor-element-populated\">\n\t\t\t\t\t\t\t<div class=\"elementor-widget-wrap\">\n\t\t\t\t\t\t<section class=\"elementor-section elementor-inner-section elementor-element elementor-element-d762106 elementor-section-boxed elementor-section-height-default elementor-section-height-default\" data-id=\"d762106\" data-element_type=\"section\">\n\t\t\t\t\t\t<div class=\"elementor-container elementor-column-gap-default\">\n\t\t\t\t\t\t\t<div class=\"elementor-row\">\n\t\t\t\t\t<div class=\"elementor-column elementor-col-50 elementor-inner-column elementor-element elementor-element-08ec54c\" data-id=\"08ec54c\" data-element_type=\"column\">\n\t\t\t<div class=\"elementor-column-wrap elementor-element-populated\">\n\t\t\t\t\t\t\t<div class=\"elementor-widget-wrap\">\n\t\t\t\t\t\t<div class=\"elementor-element elementor-element-d35be41 elementor-widget elementor-widget-heading\" data-id=\"d35be41\" data-element_type=\"widget\" data-widget_type=\"heading.default\">\n\t\t\t\t<div class=\"elementor-widget-container\">\n\t\t\t<h3 class=\"elementor-heading-title elementor-size-default\">Misyonumuz<\/h3>\t\t<\/div>\n\t\t\t\t<\/div>\n\t\t\t\t<div class=\"elementor-element elementor-element-8fa3d11 elementor-widget elementor-widget-text-editor\" data-id=\"8fa3d11\" data-element_type=\"widget\" data-widget_type=\"text-editor.default\">\n\t\t\t\t<div class=\"elementor-widget-container\">\n\t\t\t\t\t\t\t\t<div class=\"elementor-text-editor elementor-clearfix\">\n\t\t\t\t<p>M\u00fc\u015fterilerimizin ihtiya\u00e7lar\u0131n\u0131 anlamak ve onlar\u0131n stil ve zevklerine uygun koltuk tasar\u0131mlar\u0131 sunmakt\u0131r. Yarat\u0131c\u0131 ve i\u015flevsel \u00e7\u00f6z\u00fcmler \u00fcreterek, mekanlara karakter ve tarz katmay\u0131 hedefliyoruz. M\u00fc\u015fterilerimizin beklentilerini a\u015fmak i\u00e7in s\u00fcrekli olarak yeni trendleri takip ediyor ve yenilik\u00e7i fikirlerle birle\u015ftiriyoruz.<\/p>\t\t\t\t\t<\/div>\n\t\t\t\t\t\t<\/div>\n\t\t\t\t<\/div>\n\t\t\t\t\t\t<\/div>\n\t\t\t\t\t<\/div>\n\t\t<\/div>\n\t\t\t\t<div class=\"elementor-column elementor-col-50 elementor-inner-column elementor-element elementor-element-d30d7a1\" data-id=\"d30d7a1\" data-element_type=\"column\">\n\t\t\t<div class=\"elementor-column-wrap elementor-element-populated\">\n\t\t\t\t\t\t\t<div class=\"elementor-widget-wrap\">\n\t\t\t\t\t\t<div class=\"elementor-element elementor-element-6260bc9 elementor-widget elementor-widget-heading\" data-id=\"6260bc9\" data-element_type=\"widget\" data-widget_type=\"heading.default\">\n\t\t\t\t<div class=\"elementor-widget-container\">\n\t\t\t<h3 class=\"elementor-heading-title elementor-size-default\">Vizyonumuz<\/h3>\t\t<\/div>\n\t\t\t\t<\/div>\n\t\t\t\t<div class=\"elementor-element elementor-element-3a99000 elementor-widget elementor-widget-text-editor\" data-id=\"3a99000\" data-element_type=\"widget\" data-widget_type=\"text-editor.default\">\n\t\t\t\t<div class=\"elementor-widget-container\">\n\t\t\t\t\t\t\t\t<div class=\"elementor-text-editor elementor-clearfix\">\n\t\t\t\t<p>M\u00fc\u015fterilerimizin beklentilerini a\u015fmay\u0131 ve onlara benzersiz koltuk deneyimleri sunmay\u0131 i\u00e7erir. M\u00fc\u015fteri odakl\u0131 yakla\u015f\u0131m\u0131m\u0131zla, her projede i\u015fbirli\u011fi yaparak onlar\u0131n ihtiya\u00e7lar\u0131n\u0131 anlamaya \u00e7al\u0131\u015f\u0131yoruz. Her bir koltu\u011fun, konforlu bir oturma deneyimi sunarken estetik a\u00e7\u0131dan da tatmin edici olmas\u0131n\u0131 sa\u011fl\u0131yoruz.<\/p>\t\t\t\t\t<\/div>\n\t\t\t\t\t\t<\/div>\n\t\t\t\t<\/div>\n\t\t\t\t\t\t<\/div>\n\t\t\t\t\t<\/div>\n\t\t<\/div>\n\t\t\t\t\t\t\t\t<\/div>\n\t\t\t\t\t<\/div>\n\t\t<\/section>\n\t\t\t\t\t\t<\/div>\n\t\t\t\t\t<\/div>\n\t\t<\/div>\n\t\t\t\t\t\t\t\t<\/div>\n\t\t\t\t\t<\/div>\n\t\t<\/section>\n\t\t\t\t\t\t\t\t\t<\/div>\n\t\t\t<\/div>\n\t\t\t\t\t<\/div>\n\t\t","protected":false},"excerpt":{"rendered":"<p>Hakk\u0131m\u0131zda Koltuk tasar\u0131m\u0131 ve koltuk yenileme konusunda uzmanla\u015fm\u0131\u015f bir \u015firketiz. \u0130\u00e7 mekanlara estetik, konfor ve i\u015flevselli\u011fi bir araya getiren koltuklar sunarak, m\u00fc\u015fterilerimize e\u015fsiz deneyimler ya\u015fatmay\u0131 hedefliyoruz. M\u00fc\u015fteri memnuniyeti bizim \u00f6nceli\u011fimizdir. M\u00fc\u015fterilerimizin isteklerini ve beklentilerini anlamak i\u00e7in \u00f6zenle dinler ve onlar\u0131n stil, zevk ve b\u00fct\u00e7elerine uygun \u00e7\u00f6z\u00fcmler sunar\u0131z. Misyonumuz M\u00fc\u015fterilerimizin ihtiya\u00e7lar\u0131n\u0131 anlamak ve onlar\u0131n stil ve [&hellip;]<\/p>\n","protected":false},"author":1,"featured_media":0,"parent":0,"menu_order":0,"comment_status":"closed","ping_status":"closed","template":"","meta":{"site-sidebar-layout":"no-sidebar","site-content-layout":"page-builder","ast-site-content-layout":"default","site-content-style":"default","site-sidebar-style":"default","ast-global-header-display":"","ast-banner-title-visibility":"","ast-main-header-display":"","ast-hfb-above-header-display":"","ast-hfb-below-header-display":"","ast-hfb-mobile-header-display":"","site-post-title":"disabled","ast-breadcrumbs-content":"","ast-featured-img":"disabled","footer-sml-layout":"","theme-transparent-header-meta":"enabled","adv-header-id-meta":"","stick-header-meta":"","header-above-stick-meta":"","header-main-stick-meta":"","header-below-stick-meta":"","astra-migrate-meta-layouts":"default","ast-page-background-enabled":"default","ast-page-background-meta":{"desktop":{"background-color":"var(--ast-global-color-4)","background-image":"","background-repeat":"repeat","background-position":"center center","background-size":"auto","background-attachment":"scroll","background-type":"","background-media":"","overlay-type":"","overlay-color":"","overlay-opacity":"","overlay-gradient":""},"tablet":{"background-color":"","background-image":"","background-repeat":"repeat","background-position":"center center","background-size":"auto","background-attachment":"scroll","background-type":"","background-media":"","overlay-type":"","overlay-color":"","overlay-opacity":"","overlay-gradient":""},"mobile":{"background-color":"","background-image":"","background-repeat":"repeat","background-position":"center center","background-size":"auto","background-attachment":"scroll","background-type":"","background-media":"","overlay-type":"","overlay-color":"","overlay-opacity":"","overlay-gradient":""}},"ast-content-background-meta":{"desktop":{"background-color":"var(--ast-global-color-5)","background-image":"","background-repeat":"repeat","background-position":"center center","background-size":"auto","background-attachment":"scroll","background-type":"","background-media":"","overlay-type":"","overlay-color":"","overlay-opacity":"","overlay-gradient":""},"tablet":{"background-color":"var(--ast-global-color-5)","background-image":"","background-repeat":"repeat","background-position":"center center","background-size":"auto","background-attachment":"scroll","background-type":"","background-media":"","overlay-type":"","overlay-color":"","overlay-opacity":"","overlay-gradient":""},"mobile":{"background-color":"var(--ast-global-color-5)","background-image":"","background-repeat":"repeat","background-position":"center center","background-size":"auto","background-attachment":"scroll","background-type":"","background-media":"","overlay-type":"","overlay-color":"","overlay-opacity":"","overlay-gradient":""}},"footnotes":""},"class_list":["post-1319","page","type-page","status-publish","hentry"],"_links":{"self":[{"href":"https:\/\/www.ardakoltuk.com\/index.php?rest_route=\/wp\/v2\/pages\/1319","targetHints":{"allow":["GET"]}}],"collection":[{"href":"https:\/\/www.ardakoltuk.com\/index.php?rest_route=\/wp\/v2\/pages"}],"about":[{"href":"https:\/\/www.ardakoltuk.com\/index.php?rest_route=\/wp\/v2\/types\/page"}],"author":[{"embeddable":true,"href":"https:\/\/www.ardakoltuk.com\/index.php?rest_route=\/wp\/v2\/users\/1"}],"replies":[{"embeddable":true,"href":"https:\/\/www.ardakoltuk.com\/index.php?rest_route=%2Fwp%2Fv2%2Fcomments&post=1319"}],"version-history":[{"count":32,"href":"https:\/\/www.ardakoltuk.com\/index.php?rest_route=\/wp\/v2\/pages\/1319\/revisions"}],"predecessor-version":[{"id":1728,"href":"https:\/\/www.ardakoltuk.com\/index.php?rest_route=\/wp\/v2\/pages\/1319\/revisions\/1728"}],"wp:attachment":[{"href":"https:\/\/www.ardakoltuk.com\/index.php?rest_route=%2Fwp%2Fv2%2Fmedia&parent=1319"}],"curies":[{"name":"wp","href":"https:\/\/api.w.org\/{rel}","templated":true}]}}